{"id":3029,"date":"2022-10-20T08:39:19","date_gmt":"2022-10-20T06:39:19","guid":{"rendered":"https:\/\/mira-skin.com\/ch\/?post_type=product&#038;p=3029"},"modified":"2025-05-07T11:45:54","modified_gmt":"2025-05-07T09:45:54","slug":"mira-skin-ultraschall-platinum-buendel","status":"publish","type":"product","link":"https:\/\/mira-skin.com\/ch\/mira\/mira-skin-ultraschall-platinum-buendel\/","title":{"rendered":"Mira-Skin Ultraschall Platinum B\u00fcndel"},"content":{"rendered":"<p><strong>Das Mira-Skin Ultraschall Starter-Kit enth\u00e4lt alles, was Sie brauchen, um Wirkstoffe tief in die Haut einzuschleusen:<\/strong><\/p>\n<ul>\n<li>Mira-Skin Ultraschall-Ger\u00e4t<\/li>\n<li>Mira-Skin Ultraschall Gel (50ml \/ 1.7 fl. oz)<\/li>\n<li>Mira-Skin Hyaluronic Serum (15ml \/ 0.5 fl. oz)<\/li>\n<li>USB Ladekabel<\/li>\n<li>Benutzerhandbuch und Videos<\/li>\n<li><strong>zus\u00e4tzlich:<\/strong><br \/>\n<strong>1 Flasche 50 ml Hyaluronserum<\/strong><br \/>\n<strong>1 Flasche 50 ml Kollagenserum 99,9%<\/strong><br \/>\n<strong>1 Flasche 50 ml \u00dcbertragungsgel<\/strong><\/li>\n<\/ul>\n<p><strong>Fakten Ultraschall-Ger\u00e4t:<\/strong><\/p>\n<ul>\n<li>Frequenz: 1 Mio. Schwingungen pro Sekunde<\/li>\n<li>eingebauter Temperatursensor; sorgt daf\u00fcr, dass sich der Edelmetallkopf nie mehr als \u00b136 Grad Celsius\/ erw\u00e4rmt; sch\u00fctzt temperaturempfindliche, wertvolle Inhaltsstoffe in Kosmetika (z.B. Peptide).<\/li>\n<li>Es kann ohne Ultraschall Gel eingesetzt werden (wird aber f\u00fcr ein besseres Gleiten auf der Haut empfohlen).<\/li>\n<li>Auch perfekt in Kombination mit Schmerzgel oder Schmerzcreme einsetzbar.<\/li>\n<li>Schaltet sich automatisch nach f\u00fcnf Minuten ab.<\/li>\n<li>Der eingebaute Akku kann \u00fcber eine beliebige USB-Verbindung aufgeladen werden (Kabel im Starter-Kit enthalten).<\/li>\n<li>Mit einer Akkuladung l\u00e4uft das Ger\u00e4t normalerweise mehr als drei Stunden.<\/li>\n<\/ul>\n<p>Das Ger\u00e4t und die Seren sind in Deutschland entwickelt und werden in Deutschland hergestellt. Die Maske ist ein Schweizer Produkt.<\/p>\n","protected":false},"excerpt":{"rendered":"<p>Das <strong>Platinum-Komplettset<\/strong> f\u00fcr sichtbare Ergebnisse mit einem Mira-Skin Ultraschallger\u00e4t, mit Hyaluronserum, \u00dcbertragungsgel und Kollagenserum (als 60-Tage-Vorrat). Mira-Skin sorgt f\u00fcr sichtbare Verbesserungen bei einer Vielzahl von Hautproblemen.<\/p>\n<p>Kaufen Sie einmal das Mira-Skin Ultraschallger\u00e4t, es kann f\u00fcr verschiedene Zwecke eingesetzt werden. Unser g\u00fcnstigstes Paket, Sie sparen CHF 175 im B\u00fcndel.<\/p>\n","protected":false},"featured_media":3031,"template":"","meta":{"_acf_changed":false},"product_brand":[],"product_cat":[39],"product_tag":[],"class_list":{"0":"post-3029","1":"product","2":"type-product","3":"status-publish","4":"has-post-thumbnail","6":"product_cat-miraskin","8":"first","9":"outofstock","10":"sale","11":"shipping-taxable","12":"purchasable","13":"product-type-simple"},"acf":[],"yoast_head":"<!-- This site is optimized with the Yoast SEO plugin v26.3 - https:\/\/yoast.com\/wordpress\/plugins\/seo\/ -->\n<title>Mira-Skin Ultraschall Platinum B\u00fcndel - Mira-Skin CH<\/title>\n<meta name=\"robots\" content=\"index, follow, max-snippet:-1, max-image-preview:large, max-video-preview:-1\" \/>\n<link rel=\"canonical\" href=\"https:\/\/mira-skin.com\/ch\/mira\/mira-skin-ultraschall-platinum-buendel\/\" \/>\n<meta property=\"og:locale\" content=\"de_DE\" \/>\n<meta property=\"og:type\" content=\"article\" \/>\n<meta property=\"og:title\" content=\"Mira-Skin Ultraschall Platinum B\u00fcndel - Mira-Skin CH\" \/>\n<meta property=\"og:description\" content=\"Das Platinum-Komplettset f\u00fcr sichtbare Ergebnisse mit einem Mira-Skin Ultraschallger\u00e4t, mit Hyaluronserum, \u00dcbertragungsgel und Kollagenserum (als 60-Tage-Vorrat). Mira-Skin sorgt f\u00fcr sichtbare Verbesserungen bei einer Vielzahl von Hautproblemen.  Kaufen Sie einmal das Mira-Skin Ultraschallger\u00e4t, es kann f\u00fcr verschiedene Zwecke eingesetzt werden. Unser g\u00fcnstigstes Paket, Sie sparen CHF 175 im B\u00fcndel.\" \/>\n<meta property=\"og:url\" content=\"https:\/\/mira-skin.com\/ch\/mira\/mira-skin-ultraschall-platinum-buendel\/\" \/>\n<meta property=\"og:site_name\" content=\"Mira-Skin CH\" \/>\n<meta property=\"article:publisher\" content=\"https:\/\/www.facebook.com\/mirapet.international\/\" \/>\n<meta property=\"article:modified_time\" content=\"2025-05-07T09:45:54+00:00\" \/>\n<meta property=\"og:image\" content=\"https:\/\/mira-skin.com\/ch\/wp-content\/uploads\/sites\/16\/2022\/10\/mira-skin-platinum-bundle_1200px_de.jpg\" \/>\n\t<meta property=\"og:image:width\" content=\"1200\" \/>\n\t<meta property=\"og:image:height\" content=\"1200\" \/>\n\t<meta property=\"og:image:type\" content=\"image\/jpeg\" \/>\n<meta name=\"twitter:card\" content=\"summary_large_image\" \/>\n<meta name=\"twitter:label1\" content=\"Gesch\u00e4tzte Lesezeit\" \/>\n\t<meta name=\"twitter:data1\" content=\"1\u00a0Minute\" \/>\n<script type=\"application\/ld+json\" class=\"yoast-schema-graph\">{\"@context\":\"https:\/\/schema.org\",\"@graph\":[{\"@type\":\"WebPage\",\"@id\":\"https:\/\/mira-skin.com\/ch\/mira\/mira-skin-ultraschall-platinum-buendel\/\",\"url\":\"https:\/\/mira-skin.com\/ch\/mira\/mira-skin-ultraschall-platinum-buendel\/\",\"name\":\"Mira-Skin Ultraschall Platinum B\u00fcndel - Mira-Skin CH\",\"isPartOf\":{\"@id\":\"https:\/\/mira-skin.com\/ch\/#website\"},\"primaryImageOfPage\":{\"@id\":\"https:\/\/mira-skin.com\/ch\/mira\/mira-skin-ultraschall-platinum-buendel\/#primaryimage\"},\"image\":{\"@id\":\"https:\/\/mira-skin.com\/ch\/mira\/mira-skin-ultraschall-platinum-buendel\/#primaryimage\"},\"thumbnailUrl\":\"https:\/\/mira-skin.com\/ch\/wp-content\/uploads\/sites\/16\/2022\/10\/mira-skin-platinum-bundle_1200px_de.jpg\",\"datePublished\":\"2022-10-20T06:39:19+00:00\",\"dateModified\":\"2025-05-07T09:45:54+00:00\",\"breadcrumb\":{\"@id\":\"https:\/\/mira-skin.com\/ch\/mira\/mira-skin-ultraschall-platinum-buendel\/#breadcrumb\"},\"inLanguage\":\"de\",\"potentialAction\":[{\"@type\":\"ReadAction\",\"target\":[\"https:\/\/mira-skin.com\/ch\/mira\/mira-skin-ultraschall-platinum-buendel\/\"]}]},{\"@type\":\"ImageObject\",\"inLanguage\":\"de\",\"@id\":\"https:\/\/mira-skin.com\/ch\/mira\/mira-skin-ultraschall-platinum-buendel\/#primaryimage\",\"url\":\"https:\/\/mira-skin.com\/ch\/wp-content\/uploads\/sites\/16\/2022\/10\/mira-skin-platinum-bundle_1200px_de.jpg\",\"contentUrl\":\"https:\/\/mira-skin.com\/ch\/wp-content\/uploads\/sites\/16\/2022\/10\/mira-skin-platinum-bundle_1200px_de.jpg\",\"width\":1200,\"height\":1200},{\"@type\":\"BreadcrumbList\",\"@id\":\"https:\/\/mira-skin.com\/ch\/mira\/mira-skin-ultraschall-platinum-buendel\/#breadcrumb\",\"itemListElement\":[{\"@type\":\"ListItem\",\"position\":1,\"name\":\"Shop\",\"item\":\"https:\/\/mira-skin.com\/ch\/shop\/\"},{\"@type\":\"ListItem\",\"position\":2,\"name\":\"Mira-Skin Ultraschall Platinum B\u00fcndel\"}]},{\"@type\":\"WebSite\",\"@id\":\"https:\/\/mira-skin.com\/ch\/#website\",\"url\":\"https:\/\/mira-skin.com\/ch\/\",\"name\":\"Mira-Skin CH\",\"description\":\"\",\"potentialAction\":[{\"@type\":\"SearchAction\",\"target\":{\"@type\":\"EntryPoint\",\"urlTemplate\":\"https:\/\/mira-skin.com\/ch\/?s={search_term_string}\"},\"query-input\":{\"@type\":\"PropertyValueSpecification\",\"valueRequired\":true,\"valueName\":\"search_term_string\"}}],\"inLanguage\":\"de\"}]}<\/script>\n<!-- \/ Yoast SEO plugin. -->","yoast_head_json":{"title":"Mira-Skin Ultraschall Platinum B\u00fcndel - Mira-Skin CH","robots":{"index":"index","follow":"follow","max-snippet":"max-snippet:-1","max-image-preview":"max-image-preview:large","max-video-preview":"max-video-preview:-1"},"canonical":"https:\/\/mira-skin.com\/ch\/mira\/mira-skin-ultraschall-platinum-buendel\/","og_locale":"de_DE","og_type":"article","og_title":"Mira-Skin Ultraschall Platinum B\u00fcndel - Mira-Skin CH","og_description":"Das Platinum-Komplettset f\u00fcr sichtbare Ergebnisse mit einem Mira-Skin Ultraschallger\u00e4t, mit Hyaluronserum, \u00dcbertragungsgel und Kollagenserum (als 60-Tage-Vorrat). Mira-Skin sorgt f\u00fcr sichtbare Verbesserungen bei einer Vielzahl von Hautproblemen.  Kaufen Sie einmal das Mira-Skin Ultraschallger\u00e4t, es kann f\u00fcr verschiedene Zwecke eingesetzt werden. Unser g\u00fcnstigstes Paket, Sie sparen CHF 175 im B\u00fcndel.","og_url":"https:\/\/mira-skin.com\/ch\/mira\/mira-skin-ultraschall-platinum-buendel\/","og_site_name":"Mira-Skin CH","article_publisher":"https:\/\/www.facebook.com\/mirapet.international\/","article_modified_time":"2025-05-07T09:45:54+00:00","og_image":[{"width":1200,"height":1200,"url":"https:\/\/mira-skin.com\/ch\/wp-content\/uploads\/sites\/16\/2022\/10\/mira-skin-platinum-bundle_1200px_de.jpg","type":"image\/jpeg"}],"twitter_card":"summary_large_image","twitter_misc":{"Gesch\u00e4tzte Lesezeit":"1\u00a0Minute"},"schema":{"@context":"https:\/\/schema.org","@graph":[{"@type":"WebPage","@id":"https:\/\/mira-skin.com\/ch\/mira\/mira-skin-ultraschall-platinum-buendel\/","url":"https:\/\/mira-skin.com\/ch\/mira\/mira-skin-ultraschall-platinum-buendel\/","name":"Mira-Skin Ultraschall Platinum B\u00fcndel - Mira-Skin CH","isPartOf":{"@id":"https:\/\/mira-skin.com\/ch\/#website"},"primaryImageOfPage":{"@id":"https:\/\/mira-skin.com\/ch\/mira\/mira-skin-ultraschall-platinum-buendel\/#primaryimage"},"image":{"@id":"https:\/\/mira-skin.com\/ch\/mira\/mira-skin-ultraschall-platinum-buendel\/#primaryimage"},"thumbnailUrl":"https:\/\/mira-skin.com\/ch\/wp-content\/uploads\/sites\/16\/2022\/10\/mira-skin-platinum-bundle_1200px_de.jpg","datePublished":"2022-10-20T06:39:19+00:00","dateModified":"2025-05-07T09:45:54+00:00","breadcrumb":{"@id":"https:\/\/mira-skin.com\/ch\/mira\/mira-skin-ultraschall-platinum-buendel\/#breadcrumb"},"inLanguage":"de","potentialAction":[{"@type":"ReadAction","target":["https:\/\/mira-skin.com\/ch\/mira\/mira-skin-ultraschall-platinum-buendel\/"]}]},{"@type":"ImageObject","inLanguage":"de","@id":"https:\/\/mira-skin.com\/ch\/mira\/mira-skin-ultraschall-platinum-buendel\/#primaryimage","url":"https:\/\/mira-skin.com\/ch\/wp-content\/uploads\/sites\/16\/2022\/10\/mira-skin-platinum-bundle_1200px_de.jpg","contentUrl":"https:\/\/mira-skin.com\/ch\/wp-content\/uploads\/sites\/16\/2022\/10\/mira-skin-platinum-bundle_1200px_de.jpg","width":1200,"height":1200},{"@type":"BreadcrumbList","@id":"https:\/\/mira-skin.com\/ch\/mira\/mira-skin-ultraschall-platinum-buendel\/#breadcrumb","itemListElement":[{"@type":"ListItem","position":1,"name":"Shop","item":"https:\/\/mira-skin.com\/ch\/shop\/"},{"@type":"ListItem","position":2,"name":"Mira-Skin Ultraschall Platinum B\u00fcndel"}]},{"@type":"WebSite","@id":"https:\/\/mira-skin.com\/ch\/#website","url":"https:\/\/mira-skin.com\/ch\/","name":"Mira-Skin CH","description":"","potentialAction":[{"@type":"SearchAction","target":{"@type":"EntryPoint","urlTemplate":"https:\/\/mira-skin.com\/ch\/?s={search_term_string}"},"query-input":{"@type":"PropertyValueSpecification","valueRequired":true,"valueName":"search_term_string"}}],"inLanguage":"de"}]}},"_links":{"self":[{"href":"https:\/\/mira-skin.com\/ch\/wp-json\/wp\/v2\/product\/3029","targetHints":{"allow":["GET"]}}],"collection":[{"href":"https:\/\/mira-skin.com\/ch\/wp-json\/wp\/v2\/product"}],"about":[{"href":"https:\/\/mira-skin.com\/ch\/wp-json\/wp\/v2\/types\/product"}],"wp:featuredmedia":[{"embeddable":true,"href":"https:\/\/mira-skin.com\/ch\/wp-json\/wp\/v2\/media\/3031"}],"wp:attachment":[{"href":"https:\/\/mira-skin.com\/ch\/wp-json\/wp\/v2\/media?parent=3029"}],"wp:term":[{"taxonomy":"product_brand","embeddable":true,"href":"https:\/\/mira-skin.com\/ch\/wp-json\/wp\/v2\/product_brand?post=3029"},{"taxonomy":"product_cat","embeddable":true,"href":"https:\/\/mira-skin.com\/ch\/wp-json\/wp\/v2\/product_cat?post=3029"},{"taxonomy":"product_tag","embeddable":true,"href":"https:\/\/mira-skin.com\/ch\/wp-json\/wp\/v2\/product_tag?post=3029"}],"curies":[{"name":"wp","href":"https:\/\/api.w.org\/{rel}","templated":true}]}}