{"id":1946,"date":"2020-06-24T19:13:05","date_gmt":"2020-06-24T23:13:05","guid":{"rendered":"https:\/\/mira-skin.com\/de\/?post_type=product&#038;p=1946"},"modified":"2025-05-07T11:45:10","modified_gmt":"2025-05-07T09:45:10","slug":"mira-skin-hyaluron-serum","status":"publish","type":"product","link":"https:\/\/mira-skin.com\/de\/mira\/mira-skin-hyaluron-serum\/","title":{"rendered":"Mira-Skin Hyaluron Serum"},"content":{"rendered":"<p><strong>Hyaluron auff\u00fcllen \u2013 ohne Injektionen<\/strong><\/p>\n<p>Hochkonzentriertes kurzkettiges Hyaluron f\u00fcr sichtbare Straffung der Haut<\/p>\n<ul>\n<li>Steigert die Hautfeuchtigkeit<\/li>\n<li>Verbessert die Elastizit\u00e4t der Haut<\/li>\n<li>Gl\u00e4ttet die Haut<\/li>\n<li>Klinisch getestet. Wirkung best\u00e4tigt.<\/li>\n<\/ul>\n<p>&nbsp;<\/p>\n<p><strong>Mira-Skin Hyaluron-Serum bietet eine einzigartige Wirkstoffkombination. Es enth\u00e4lt neben reinem, hochkonzentriertem, kurzkettigem Hyaluron folgende hochwertige Vitalstoffe und Antioxidantien:<\/strong><\/p>\n<ul>\n<li><strong>Kollagen<\/strong> \u2013 kann die Kollagen-Erhaltung verbessern und seine Neubildung f\u00f6rdern<\/li>\n<li><strong>Mikrokristallines Silber<\/strong> \u2013 entfaltet auf der Hautoberfl\u00e4che antibakterielle Eigenschaften, wirkt beruhigend und entz\u00fcndungshemmend<\/li>\n<li><strong>MSM<\/strong> (Methyl-Sulfonyl-Methan) \u2013eine nat\u00fcrlich vorkommende Schwefelsubstanz, die u.a. eine wichtige Rolle beim Aufbau von Haut, Haaren, N\u00e4geln und gesunder Zellen spielt. \u2013 Der Naturbaustein Schwefel hat sich schon seit langem als entz\u00fcndungshemmende Substanz bew\u00e4hrt<\/li>\n<li><strong>Vitamin E<\/strong> \u2013 ein starkes Antioxidans; kann Entz\u00fcndungen minimieren.<\/li>\n<li><strong>Omega 3<\/strong> \u2013 unterst\u00fctzt die Zellfunktion, kann trockener Haut und vorzeitiger Hautalterung entgegenwirken sowie Entz\u00fcndungen minimieren.<\/li>\n<li><strong>Vitamin A<\/strong> \u2013 unterst\u00fctzt die Zellteilung.<\/li>\n<li><strong>CoQ10<\/strong> (Ubichinon) \u2013 ein wichtiges fettl\u00f6sliches Antioxidans. Es sch\u00fctzt vor Sch\u00e4den durch freie Radikale.<\/li>\n<li><strong>Weihrauch<\/strong> \u2013 kann die Regenerationst\u00e4tigkeit der Haut intensivieren.<\/li>\n<\/ul>\n<p>&nbsp;<\/p>\n<p><strong>H\u00f6chste Produktqualit\u00e4t:<\/strong><\/p>\n<ul>\n<li>Hyaluron in seiner reinsten Form:<\/li>\n<li>0% Parf\u00fcm-, Duft- und Farbstoffe<\/li>\n<li>0% Parabene<\/li>\n<li>0% Silikone<\/li>\n<li>0% Mineral\u00f6le<\/li>\n<li>0% tierische Stoffe<\/li>\n<li>ohne Tierversuche hergestellt in Deutschland<\/li>\n<li>Lieferung in einer Glasflasche<\/li>\n<\/ul>\n<p>&nbsp;<\/p>\n<p><strong>Verpackungsgr\u00f6\u00dfen:<\/strong><\/p>\n<p>15 ml = Vier-Wochen-Vorrat<br \/>\n50 ml = Drei-Monats-Vorrat<br \/>\n200 ml = f\u00fcr Spa &amp; Kosmetikstudios<\/p>\n<p>Hergestellt in Deutschland.<\/p>\n","protected":false},"excerpt":{"rendered":"<div class=\"product-name\">\n<p><strong>Hochkonzentriertes, kurzkettiges Hyaluron bester Qualit\u00e4t ohne Zusatzstoffe.<\/strong><\/p>\n<ul>\n<li>\u2714\ufe0e bis zu 8.000 mal mehr Hyaluron Molek\u00fcle<\/li>\n<li>\u2714\ufe0e angereichert mit hochwertigen Vitalstoffen<\/li>\n<li>\u2714\ufe0e f\u00fcr sichtbare Straffung der Haut<\/li>\n<li>\u2714\ufe0e morgens und abends auftragen<\/li>\n<li>\u2714\ufe0e Klinisch getestet<\/li>\n<li>\u2714\ufe0e noch wirksamer in Kombination mit Ultraschall<\/li>\n<li>\u2714\ufe0e F\u00fcr alle Hauttypen.<\/li>\n<\/ul>\n<p>Hergestellt in Deutschland.<\/p>\n<\/div>\n","protected":false},"featured_media":2805,"template":"","meta":{"_acf_changed":false},"product_brand":[],"product_cat":[39],"product_tag":[],"class_list":{"0":"post-1946","1":"product","2":"type-product","3":"status-publish","4":"has-post-thumbnail","6":"product_cat-miraskin","8":"first","9":"outofstock","10":"shipping-taxable","11":"purchasable","12":"product-type-variable","13":"has-default-attributes"},"acf":[],"yoast_head":"<!-- This site is optimized with the Yoast SEO plugin v27.3 - https:\/\/yoast.com\/product\/yoast-seo-wordpress\/ -->\n<title>Mira-Skin Hyaluron Serum - Mira-Skin DE<\/title>\n<meta name=\"robots\" content=\"index, follow, max-snippet:-1, max-image-preview:large, max-video-preview:-1\" \/>\n<link rel=\"canonical\" href=\"https:\/\/mira-skin.com\/de\/mira\/mira-skin-hyaluron-serum\/\" \/>\n<meta property=\"og:locale\" content=\"de_DE\" \/>\n<meta property=\"og:type\" content=\"article\" \/>\n<meta property=\"og:title\" content=\"Mira-Skin Hyaluron Serum - Mira-Skin DE\" \/>\n<meta property=\"og:description\" content=\"Hochkonzentriertes, kurzkettiges Hyaluron bester Qualit\u00e4t ohne Zusatzstoffe.   \u2714\ufe0e bis zu 8.000 mal mehr Hyaluron Molek\u00fcle  \u2714\ufe0e angereichert mit hochwertigen Vitalstoffen  \u2714\ufe0e f\u00fcr sichtbare Straffung der Haut  \u2714\ufe0e morgens und abends auftragen  \u2714\ufe0e Klinisch getestet  \u2714\ufe0e noch wirksamer in Kombination mit Ultraschall  \u2714\ufe0e F\u00fcr alle Hauttypen.  Hergestellt in Deutschland.\" \/>\n<meta property=\"og:url\" content=\"https:\/\/mira-skin.com\/de\/mira\/mira-skin-hyaluron-serum\/\" \/>\n<meta property=\"og:site_name\" content=\"Mira-Skin DE\" \/>\n<meta property=\"article:publisher\" content=\"https:\/\/www.facebook.com\/mirapet.international\/\" \/>\n<meta property=\"article:modified_time\" content=\"2025-05-07T09:45:10+00:00\" \/>\n<meta property=\"og:image\" content=\"https:\/\/mira-skin.com\/de\/wp-content\/uploads\/sites\/15\/2020\/06\/Mira-Skin-Hyaluronic-Serum_15ml_200ml_50ml.jpg\" \/>\n\t<meta property=\"og:image:width\" content=\"999\" \/>\n\t<meta property=\"og:image:height\" content=\"999\" \/>\n\t<meta property=\"og:image:type\" content=\"image\/jpeg\" \/>\n<meta name=\"twitter:card\" content=\"summary_large_image\" \/>\n<meta name=\"twitter:label1\" content=\"Gesch\u00e4tzte Lesezeit\" \/>\n\t<meta name=\"twitter:data1\" content=\"1\u00a0Minute\" \/>\n<script type=\"application\/ld+json\" class=\"yoast-schema-graph\">{\"@context\":\"https:\\\/\\\/schema.org\",\"@graph\":[{\"@type\":\"WebPage\",\"@id\":\"https:\\\/\\\/mira-skin.com\\\/de\\\/mira\\\/mira-skin-hyaluron-serum\\\/\",\"url\":\"https:\\\/\\\/mira-skin.com\\\/de\\\/mira\\\/mira-skin-hyaluron-serum\\\/\",\"name\":\"Mira-Skin Hyaluron Serum - Mira-Skin DE\",\"isPartOf\":{\"@id\":\"https:\\\/\\\/mira-skin.com\\\/de\\\/#website\"},\"primaryImageOfPage\":{\"@id\":\"https:\\\/\\\/mira-skin.com\\\/de\\\/mira\\\/mira-skin-hyaluron-serum\\\/#primaryimage\"},\"image\":{\"@id\":\"https:\\\/\\\/mira-skin.com\\\/de\\\/mira\\\/mira-skin-hyaluron-serum\\\/#primaryimage\"},\"thumbnailUrl\":\"https:\\\/\\\/mira-skin.com\\\/de\\\/wp-content\\\/uploads\\\/sites\\\/15\\\/2020\\\/06\\\/Mira-Skin-Hyaluronic-Serum_15ml_200ml_50ml.jpg\",\"datePublished\":\"2020-06-24T23:13:05+00:00\",\"dateModified\":\"2025-05-07T09:45:10+00:00\",\"breadcrumb\":{\"@id\":\"https:\\\/\\\/mira-skin.com\\\/de\\\/mira\\\/mira-skin-hyaluron-serum\\\/#breadcrumb\"},\"inLanguage\":\"de\",\"potentialAction\":[{\"@type\":\"ReadAction\",\"target\":[\"https:\\\/\\\/mira-skin.com\\\/de\\\/mira\\\/mira-skin-hyaluron-serum\\\/\"]}]},{\"@type\":\"ImageObject\",\"inLanguage\":\"de\",\"@id\":\"https:\\\/\\\/mira-skin.com\\\/de\\\/mira\\\/mira-skin-hyaluron-serum\\\/#primaryimage\",\"url\":\"https:\\\/\\\/mira-skin.com\\\/de\\\/wp-content\\\/uploads\\\/sites\\\/15\\\/2020\\\/06\\\/Mira-Skin-Hyaluronic-Serum_15ml_200ml_50ml.jpg\",\"contentUrl\":\"https:\\\/\\\/mira-skin.com\\\/de\\\/wp-content\\\/uploads\\\/sites\\\/15\\\/2020\\\/06\\\/Mira-Skin-Hyaluronic-Serum_15ml_200ml_50ml.jpg\",\"width\":999,\"height\":999},{\"@type\":\"BreadcrumbList\",\"@id\":\"https:\\\/\\\/mira-skin.com\\\/de\\\/mira\\\/mira-skin-hyaluron-serum\\\/#breadcrumb\",\"itemListElement\":[{\"@type\":\"ListItem\",\"position\":1,\"name\":\"Shop\",\"item\":\"https:\\\/\\\/mira-skin.com\\\/de\\\/shop\\\/\"},{\"@type\":\"ListItem\",\"position\":2,\"name\":\"Mira-Skin Hyaluron Serum\"}]},{\"@type\":\"WebSite\",\"@id\":\"https:\\\/\\\/mira-skin.com\\\/de\\\/#website\",\"url\":\"https:\\\/\\\/mira-skin.com\\\/de\\\/\",\"name\":\"Mira-Skin DE\",\"description\":\"\",\"potentialAction\":[{\"@type\":\"SearchAction\",\"target\":{\"@type\":\"EntryPoint\",\"urlTemplate\":\"https:\\\/\\\/mira-skin.com\\\/de\\\/?s={search_term_string}\"},\"query-input\":{\"@type\":\"PropertyValueSpecification\",\"valueRequired\":true,\"valueName\":\"search_term_string\"}}],\"inLanguage\":\"de\"}]}<\/script>\n<!-- \/ Yoast SEO plugin. -->","yoast_head_json":{"title":"Mira-Skin Hyaluron Serum - Mira-Skin DE","robots":{"index":"index","follow":"follow","max-snippet":"max-snippet:-1","max-image-preview":"max-image-preview:large","max-video-preview":"max-video-preview:-1"},"canonical":"https:\/\/mira-skin.com\/de\/mira\/mira-skin-hyaluron-serum\/","og_locale":"de_DE","og_type":"article","og_title":"Mira-Skin Hyaluron Serum - Mira-Skin DE","og_description":"Hochkonzentriertes, kurzkettiges Hyaluron bester Qualit\u00e4t ohne Zusatzstoffe.   \u2714\ufe0e bis zu 8.000 mal mehr Hyaluron Molek\u00fcle  \u2714\ufe0e angereichert mit hochwertigen Vitalstoffen  \u2714\ufe0e f\u00fcr sichtbare Straffung der Haut  \u2714\ufe0e morgens und abends auftragen  \u2714\ufe0e Klinisch getestet  \u2714\ufe0e noch wirksamer in Kombination mit Ultraschall  \u2714\ufe0e F\u00fcr alle Hauttypen.  Hergestellt in Deutschland.","og_url":"https:\/\/mira-skin.com\/de\/mira\/mira-skin-hyaluron-serum\/","og_site_name":"Mira-Skin DE","article_publisher":"https:\/\/www.facebook.com\/mirapet.international\/","article_modified_time":"2025-05-07T09:45:10+00:00","og_image":[{"width":999,"height":999,"url":"https:\/\/mira-skin.com\/de\/wp-content\/uploads\/sites\/15\/2020\/06\/Mira-Skin-Hyaluronic-Serum_15ml_200ml_50ml.jpg","type":"image\/jpeg"}],"twitter_card":"summary_large_image","twitter_misc":{"Gesch\u00e4tzte Lesezeit":"1\u00a0Minute"},"schema":{"@context":"https:\/\/schema.org","@graph":[{"@type":"WebPage","@id":"https:\/\/mira-skin.com\/de\/mira\/mira-skin-hyaluron-serum\/","url":"https:\/\/mira-skin.com\/de\/mira\/mira-skin-hyaluron-serum\/","name":"Mira-Skin Hyaluron Serum - Mira-Skin DE","isPartOf":{"@id":"https:\/\/mira-skin.com\/de\/#website"},"primaryImageOfPage":{"@id":"https:\/\/mira-skin.com\/de\/mira\/mira-skin-hyaluron-serum\/#primaryimage"},"image":{"@id":"https:\/\/mira-skin.com\/de\/mira\/mira-skin-hyaluron-serum\/#primaryimage"},"thumbnailUrl":"https:\/\/mira-skin.com\/de\/wp-content\/uploads\/sites\/15\/2020\/06\/Mira-Skin-Hyaluronic-Serum_15ml_200ml_50ml.jpg","datePublished":"2020-06-24T23:13:05+00:00","dateModified":"2025-05-07T09:45:10+00:00","breadcrumb":{"@id":"https:\/\/mira-skin.com\/de\/mira\/mira-skin-hyaluron-serum\/#breadcrumb"},"inLanguage":"de","potentialAction":[{"@type":"ReadAction","target":["https:\/\/mira-skin.com\/de\/mira\/mira-skin-hyaluron-serum\/"]}]},{"@type":"ImageObject","inLanguage":"de","@id":"https:\/\/mira-skin.com\/de\/mira\/mira-skin-hyaluron-serum\/#primaryimage","url":"https:\/\/mira-skin.com\/de\/wp-content\/uploads\/sites\/15\/2020\/06\/Mira-Skin-Hyaluronic-Serum_15ml_200ml_50ml.jpg","contentUrl":"https:\/\/mira-skin.com\/de\/wp-content\/uploads\/sites\/15\/2020\/06\/Mira-Skin-Hyaluronic-Serum_15ml_200ml_50ml.jpg","width":999,"height":999},{"@type":"BreadcrumbList","@id":"https:\/\/mira-skin.com\/de\/mira\/mira-skin-hyaluron-serum\/#breadcrumb","itemListElement":[{"@type":"ListItem","position":1,"name":"Shop","item":"https:\/\/mira-skin.com\/de\/shop\/"},{"@type":"ListItem","position":2,"name":"Mira-Skin Hyaluron Serum"}]},{"@type":"WebSite","@id":"https:\/\/mira-skin.com\/de\/#website","url":"https:\/\/mira-skin.com\/de\/","name":"Mira-Skin DE","description":"","potentialAction":[{"@type":"SearchAction","target":{"@type":"EntryPoint","urlTemplate":"https:\/\/mira-skin.com\/de\/?s={search_term_string}"},"query-input":{"@type":"PropertyValueSpecification","valueRequired":true,"valueName":"search_term_string"}}],"inLanguage":"de"}]}},"_links":{"self":[{"href":"https:\/\/mira-skin.com\/de\/wp-json\/wp\/v2\/product\/1946","targetHints":{"allow":["GET"]}}],"collection":[{"href":"https:\/\/mira-skin.com\/de\/wp-json\/wp\/v2\/product"}],"about":[{"href":"https:\/\/mira-skin.com\/de\/wp-json\/wp\/v2\/types\/product"}],"wp:featuredmedia":[{"embeddable":true,"href":"https:\/\/mira-skin.com\/de\/wp-json\/wp\/v2\/media\/2805"}],"wp:attachment":[{"href":"https:\/\/mira-skin.com\/de\/wp-json\/wp\/v2\/media?parent=1946"}],"wp:term":[{"taxonomy":"product_brand","embeddable":true,"href":"https:\/\/mira-skin.com\/de\/wp-json\/wp\/v2\/product_brand?post=1946"},{"taxonomy":"product_cat","embeddable":true,"href":"https:\/\/mira-skin.com\/de\/wp-json\/wp\/v2\/product_cat?post=1946"},{"taxonomy":"product_tag","embeddable":true,"href":"https:\/\/mira-skin.com\/de\/wp-json\/wp\/v2\/product_tag?post=1946"}],"curies":[{"name":"wp","href":"https:\/\/api.w.org\/{rel}","templated":true}]}}