{"id":1963,"date":"2020-06-24T19:37:09","date_gmt":"2020-06-24T23:37:09","guid":{"rendered":"https:\/\/mira-skin.com\/de\/?post_type=product&#038;p=1963"},"modified":"2025-05-07T11:45:01","modified_gmt":"2025-05-07T09:45:01","slug":"mira-skin-hyaluron-drink","status":"publish","type":"product","link":"https:\/\/mira-skin.com\/de\/mira\/mira-skin-hyaluron-drink\/","title":{"rendered":"Mira-Skin Hyaluron-Drink"},"content":{"rendered":"<p><strong>Mira-Skin Hyaluron-Drink mit Kollagen wirkt von innen heraus<\/strong><\/p>\n<p>Mit dem Alter l\u00e4sst der Hyalurons\u00e4ureanteil im K\u00f6rper nach. Knackende Gelenke und mangelnde Feuchtigkeit und Elastizit\u00e4t der Haut sind die Folge. Auch Faltenbildung ist m\u00f6glich. Wird die Haut \u00fcber einen l\u00e4ngeren Zeitraum mit Hyalurons\u00e4ure versorgt, wird sie praller und Falten reduzieren sich.<\/p>\n<p>Diese Kur st\u00e4rkt von innen heraus. Sie f\u00fcllt Hyaluron und Kollagen auf und wirkt dem nat\u00fcrlichen Abbau in der Haut entgegen.\u00a0Revitalisiert Haut und Gelenke. Eine perfekte Erg\u00e4nzung des auf die Haut aufgetragene\u00a0Mira-Skin Hyaluron-Serums.<\/p>\n<p>Kur einmal im Jahr anwenden.<\/p>\n<p>30 Tage morgens einen 20\u2009ml Messbecher trinken, (3x 300 ml) mit Messbecher.<\/p>\n<p>Mit Honiggeschmack.<\/p>\n","protected":false},"excerpt":{"rendered":"<p><strong>Revitalisiert Haut und Gelenke<\/strong><\/p>\n<ul>\n<li>\u2714\ufe0e Hyaluron- und Kollagen-Trinkkur, die von innen Hyaluron und Kollagen auff\u00fcllt.<\/li>\n<li>\u2714\ufe0e Wirkt damit dem nat\u00fcrlichen Abbau dieser Substanzen entgegen.<\/li>\n<li>\u2714\ufe0e Revitalisiert Haut und Gelenke.<\/li>\n<\/ul>\n","protected":false},"featured_media":2961,"template":"","meta":{"_acf_changed":false},"product_brand":[],"product_cat":[39],"product_tag":[],"class_list":{"0":"post-1963","1":"product","2":"type-product","3":"status-publish","4":"has-post-thumbnail","6":"product_cat-miraskin","8":"first","9":"outofstock","10":"shipping-taxable","11":"purchasable","12":"product-type-simple"},"acf":[],"yoast_head":"<!-- This site is optimized with the Yoast SEO plugin v27.3 - https:\/\/yoast.com\/product\/yoast-seo-wordpress\/ -->\n<title>Mira-Skin Hyaluron-Drink - Mira-Skin DE<\/title>\n<meta name=\"robots\" content=\"index, follow, max-snippet:-1, max-image-preview:large, max-video-preview:-1\" \/>\n<link rel=\"canonical\" href=\"https:\/\/mira-skin.com\/de\/mira\/mira-skin-hyaluron-drink\/\" \/>\n<meta property=\"og:locale\" content=\"de_DE\" \/>\n<meta property=\"og:type\" content=\"article\" \/>\n<meta property=\"og:title\" content=\"Mira-Skin Hyaluron-Drink - Mira-Skin DE\" \/>\n<meta property=\"og:description\" content=\"Revitalisiert Haut und Gelenke   \u2714\ufe0e Hyaluron- und Kollagen-Trinkkur, die von innen Hyaluron und Kollagen auff\u00fcllt.  \u2714\ufe0e Wirkt damit dem nat\u00fcrlichen Abbau dieser Substanzen entgegen.  \u2714\ufe0e Revitalisiert Haut und Gelenke.\" \/>\n<meta property=\"og:url\" content=\"https:\/\/mira-skin.com\/de\/mira\/mira-skin-hyaluron-drink\/\" \/>\n<meta property=\"og:site_name\" content=\"Mira-Skin DE\" \/>\n<meta property=\"article:publisher\" content=\"https:\/\/www.facebook.com\/mirapet.international\/\" \/>\n<meta property=\"article:modified_time\" content=\"2025-05-07T09:45:01+00:00\" \/>\n<meta property=\"og:image\" content=\"https:\/\/mira-skin.com\/de\/wp-content\/uploads\/sites\/15\/2020\/06\/Mira-Skin_HyaluronDrink_30Tage.jpg\" \/>\n\t<meta property=\"og:image:width\" content=\"1000\" \/>\n\t<meta property=\"og:image:height\" content=\"1000\" \/>\n\t<meta property=\"og:image:type\" content=\"image\/jpeg\" \/>\n<meta name=\"twitter:card\" content=\"summary_large_image\" \/>\n<meta name=\"twitter:label1\" content=\"Gesch\u00e4tzte Lesezeit\" \/>\n\t<meta name=\"twitter:data1\" content=\"1\u00a0Minute\" \/>\n<script type=\"application\/ld+json\" class=\"yoast-schema-graph\">{\"@context\":\"https:\\\/\\\/schema.org\",\"@graph\":[{\"@type\":\"WebPage\",\"@id\":\"https:\\\/\\\/mira-skin.com\\\/de\\\/mira\\\/mira-skin-hyaluron-drink\\\/\",\"url\":\"https:\\\/\\\/mira-skin.com\\\/de\\\/mira\\\/mira-skin-hyaluron-drink\\\/\",\"name\":\"Mira-Skin Hyaluron-Drink - Mira-Skin DE\",\"isPartOf\":{\"@id\":\"https:\\\/\\\/mira-skin.com\\\/de\\\/#website\"},\"primaryImageOfPage\":{\"@id\":\"https:\\\/\\\/mira-skin.com\\\/de\\\/mira\\\/mira-skin-hyaluron-drink\\\/#primaryimage\"},\"image\":{\"@id\":\"https:\\\/\\\/mira-skin.com\\\/de\\\/mira\\\/mira-skin-hyaluron-drink\\\/#primaryimage\"},\"thumbnailUrl\":\"https:\\\/\\\/mira-skin.com\\\/de\\\/wp-content\\\/uploads\\\/sites\\\/15\\\/2020\\\/06\\\/Mira-Skin_HyaluronDrink_30Tage.jpg\",\"datePublished\":\"2020-06-24T23:37:09+00:00\",\"dateModified\":\"2025-05-07T09:45:01+00:00\",\"breadcrumb\":{\"@id\":\"https:\\\/\\\/mira-skin.com\\\/de\\\/mira\\\/mira-skin-hyaluron-drink\\\/#breadcrumb\"},\"inLanguage\":\"de\",\"potentialAction\":[{\"@type\":\"ReadAction\",\"target\":[\"https:\\\/\\\/mira-skin.com\\\/de\\\/mira\\\/mira-skin-hyaluron-drink\\\/\"]}]},{\"@type\":\"ImageObject\",\"inLanguage\":\"de\",\"@id\":\"https:\\\/\\\/mira-skin.com\\\/de\\\/mira\\\/mira-skin-hyaluron-drink\\\/#primaryimage\",\"url\":\"https:\\\/\\\/mira-skin.com\\\/de\\\/wp-content\\\/uploads\\\/sites\\\/15\\\/2020\\\/06\\\/Mira-Skin_HyaluronDrink_30Tage.jpg\",\"contentUrl\":\"https:\\\/\\\/mira-skin.com\\\/de\\\/wp-content\\\/uploads\\\/sites\\\/15\\\/2020\\\/06\\\/Mira-Skin_HyaluronDrink_30Tage.jpg\",\"width\":1000,\"height\":1000},{\"@type\":\"BreadcrumbList\",\"@id\":\"https:\\\/\\\/mira-skin.com\\\/de\\\/mira\\\/mira-skin-hyaluron-drink\\\/#breadcrumb\",\"itemListElement\":[{\"@type\":\"ListItem\",\"position\":1,\"name\":\"Shop\",\"item\":\"https:\\\/\\\/mira-skin.com\\\/de\\\/shop\\\/\"},{\"@type\":\"ListItem\",\"position\":2,\"name\":\"Mira-Skin Hyaluron-Drink\"}]},{\"@type\":\"WebSite\",\"@id\":\"https:\\\/\\\/mira-skin.com\\\/de\\\/#website\",\"url\":\"https:\\\/\\\/mira-skin.com\\\/de\\\/\",\"name\":\"Mira-Skin DE\",\"description\":\"\",\"potentialAction\":[{\"@type\":\"SearchAction\",\"target\":{\"@type\":\"EntryPoint\",\"urlTemplate\":\"https:\\\/\\\/mira-skin.com\\\/de\\\/?s={search_term_string}\"},\"query-input\":{\"@type\":\"PropertyValueSpecification\",\"valueRequired\":true,\"valueName\":\"search_term_string\"}}],\"inLanguage\":\"de\"}]}<\/script>\n<!-- \/ Yoast SEO plugin. -->","yoast_head_json":{"title":"Mira-Skin Hyaluron-Drink - Mira-Skin DE","robots":{"index":"index","follow":"follow","max-snippet":"max-snippet:-1","max-image-preview":"max-image-preview:large","max-video-preview":"max-video-preview:-1"},"canonical":"https:\/\/mira-skin.com\/de\/mira\/mira-skin-hyaluron-drink\/","og_locale":"de_DE","og_type":"article","og_title":"Mira-Skin Hyaluron-Drink - Mira-Skin DE","og_description":"Revitalisiert Haut und Gelenke   \u2714\ufe0e Hyaluron- und Kollagen-Trinkkur, die von innen Hyaluron und Kollagen auff\u00fcllt.  \u2714\ufe0e Wirkt damit dem nat\u00fcrlichen Abbau dieser Substanzen entgegen.  \u2714\ufe0e Revitalisiert Haut und Gelenke.","og_url":"https:\/\/mira-skin.com\/de\/mira\/mira-skin-hyaluron-drink\/","og_site_name":"Mira-Skin DE","article_publisher":"https:\/\/www.facebook.com\/mirapet.international\/","article_modified_time":"2025-05-07T09:45:01+00:00","og_image":[{"width":1000,"height":1000,"url":"https:\/\/mira-skin.com\/de\/wp-content\/uploads\/sites\/15\/2020\/06\/Mira-Skin_HyaluronDrink_30Tage.jpg","type":"image\/jpeg"}],"twitter_card":"summary_large_image","twitter_misc":{"Gesch\u00e4tzte Lesezeit":"1\u00a0Minute"},"schema":{"@context":"https:\/\/schema.org","@graph":[{"@type":"WebPage","@id":"https:\/\/mira-skin.com\/de\/mira\/mira-skin-hyaluron-drink\/","url":"https:\/\/mira-skin.com\/de\/mira\/mira-skin-hyaluron-drink\/","name":"Mira-Skin Hyaluron-Drink - Mira-Skin DE","isPartOf":{"@id":"https:\/\/mira-skin.com\/de\/#website"},"primaryImageOfPage":{"@id":"https:\/\/mira-skin.com\/de\/mira\/mira-skin-hyaluron-drink\/#primaryimage"},"image":{"@id":"https:\/\/mira-skin.com\/de\/mira\/mira-skin-hyaluron-drink\/#primaryimage"},"thumbnailUrl":"https:\/\/mira-skin.com\/de\/wp-content\/uploads\/sites\/15\/2020\/06\/Mira-Skin_HyaluronDrink_30Tage.jpg","datePublished":"2020-06-24T23:37:09+00:00","dateModified":"2025-05-07T09:45:01+00:00","breadcrumb":{"@id":"https:\/\/mira-skin.com\/de\/mira\/mira-skin-hyaluron-drink\/#breadcrumb"},"inLanguage":"de","potentialAction":[{"@type":"ReadAction","target":["https:\/\/mira-skin.com\/de\/mira\/mira-skin-hyaluron-drink\/"]}]},{"@type":"ImageObject","inLanguage":"de","@id":"https:\/\/mira-skin.com\/de\/mira\/mira-skin-hyaluron-drink\/#primaryimage","url":"https:\/\/mira-skin.com\/de\/wp-content\/uploads\/sites\/15\/2020\/06\/Mira-Skin_HyaluronDrink_30Tage.jpg","contentUrl":"https:\/\/mira-skin.com\/de\/wp-content\/uploads\/sites\/15\/2020\/06\/Mira-Skin_HyaluronDrink_30Tage.jpg","width":1000,"height":1000},{"@type":"BreadcrumbList","@id":"https:\/\/mira-skin.com\/de\/mira\/mira-skin-hyaluron-drink\/#breadcrumb","itemListElement":[{"@type":"ListItem","position":1,"name":"Shop","item":"https:\/\/mira-skin.com\/de\/shop\/"},{"@type":"ListItem","position":2,"name":"Mira-Skin Hyaluron-Drink"}]},{"@type":"WebSite","@id":"https:\/\/mira-skin.com\/de\/#website","url":"https:\/\/mira-skin.com\/de\/","name":"Mira-Skin DE","description":"","potentialAction":[{"@type":"SearchAction","target":{"@type":"EntryPoint","urlTemplate":"https:\/\/mira-skin.com\/de\/?s={search_term_string}"},"query-input":{"@type":"PropertyValueSpecification","valueRequired":true,"valueName":"search_term_string"}}],"inLanguage":"de"}]}},"_links":{"self":[{"href":"https:\/\/mira-skin.com\/de\/wp-json\/wp\/v2\/product\/1963","targetHints":{"allow":["GET"]}}],"collection":[{"href":"https:\/\/mira-skin.com\/de\/wp-json\/wp\/v2\/product"}],"about":[{"href":"https:\/\/mira-skin.com\/de\/wp-json\/wp\/v2\/types\/product"}],"wp:featuredmedia":[{"embeddable":true,"href":"https:\/\/mira-skin.com\/de\/wp-json\/wp\/v2\/media\/2961"}],"wp:attachment":[{"href":"https:\/\/mira-skin.com\/de\/wp-json\/wp\/v2\/media?parent=1963"}],"wp:term":[{"taxonomy":"product_brand","embeddable":true,"href":"https:\/\/mira-skin.com\/de\/wp-json\/wp\/v2\/product_brand?post=1963"},{"taxonomy":"product_cat","embeddable":true,"href":"https:\/\/mira-skin.com\/de\/wp-json\/wp\/v2\/product_cat?post=1963"},{"taxonomy":"product_tag","embeddable":true,"href":"https:\/\/mira-skin.com\/de\/wp-json\/wp\/v2\/product_tag?post=1963"}],"curies":[{"name":"wp","href":"https:\/\/api.w.org\/{rel}","templated":true}]}}