{"id":2860,"date":"2021-01-28T09:17:27","date_gmt":"2021-01-28T08:17:27","guid":{"rendered":"https:\/\/mira-skin.com\/de\/?post_type=product&#038;p=2860"},"modified":"2025-05-07T11:44:34","modified_gmt":"2025-05-07T09:44:34","slug":"mira-skin-ultraschall-starter-kit-serum-15ml-evelyn","status":"publish","type":"product","link":"https:\/\/mira-skin.com\/de\/mira\/mira-skin-ultraschall-starter-kit-serum-15ml-evelyn\/","title":{"rendered":"Mira-Skin Ultraschall Starter-Kit + Serum 15ml als BONUS"},"content":{"rendered":"<p><strong>Das Mira-Skin Ultraschall Starter-Kit enth\u00e4lt alles, was Sie brauchen, um Wirkstoffe tief in die Haut einzuschleusen:<\/strong><\/p>\n<ul>\n<li>Mira-Skin Ultraschall-Ger\u00e4t<\/li>\n<li>Mira-Skin Ultraschall Gel (50ml \/ 1.7 fl. oz)<\/li>\n<li>2 x Mira-Skin Hyaluronic Serum (15ml \/ 0.5 fl. oz) <strong>(zweite Flasche als Bonus)<\/strong><\/li>\n<li>USB Ladekabel<\/li>\n<li>Benutzerhandbuch<\/li>\n<\/ul>\n<p><strong>Fakten Ultraschall-Ger\u00e4t:<\/strong><\/p>\n<ul>\n<li>Frequenz: 1 Mio. Schwingungen pro Sekunde<\/li>\n<li>eingebauter Temperatursensor; sorgt daf\u00fcr, dass sich der Edelmetallkopf nie mehr als \u00b136 Grad Celsius\/ erw\u00e4rmt; sch\u00fctzt temperaturempfindliche, wertvolle Inhaltsstoffe in Kosmetika (z.B. Peptide).<\/li>\n<li>Es kann ohne Ultraschall Gel eingesetzt werden (wird aber f\u00fcr ein besseres Gleiten auf der Haut empfohlen).<\/li>\n<li>Auch perfekt in Kombination mit Schmerzgel oder Schmerzcreme einsetzbar.<\/li>\n<li>Schaltet sich automatisch nach f\u00fcnf Minuten ab.<\/li>\n<li>Der eingebaute Akku kann \u00fcber eine beliebige USB-Verbindung aufgeladen werden (Kabel im Starter-Kit enthalten).<\/li>\n<li>Mit einer Akkuladung l\u00e4uft das Ger\u00e4t normalerweise mehr als drei Stunden.<\/li>\n<\/ul>\n<p>Das Ger\u00e4t und die Seren sind in Deutschland entwickelt und werden in Deutschland hergestellt.<\/p>\n","protected":false},"excerpt":{"rendered":"<p><strong>Die Komplettl\u00f6sung, um Wirkstoffe tief in die Haut einzuschleusen.<\/strong><\/p>\n<ul>\n<li>Das Starter-Kit enth\u00e4lt:<\/li>\n<li>\u2714\ufe0e das Mira-Skin Ultraschall-Ger\u00e4t,<\/li>\n<li>\u2714\ufe0e das Mira-Skin Ultraschall-Gel (50ml)<\/li>\n<li>\u2714\ufe0e <strong>2x<\/strong> Mira-Skin Hyaluron-Serum (15ml) <strong>(1x als Bonus)<\/strong><\/li>\n<li>\u2714\ufe0e zwei Mira-Skin Bio-Cellulose Masken.<\/li>\n<\/ul>\n<p>Das Ultraschall-Ger\u00e4t kann f\u00fcr verschiedenste Anwendungsbereiche am K\u00f6rper eingesetzt werden.<\/p>\n","protected":false},"featured_media":2862,"template":"","meta":{"_acf_changed":false},"product_brand":[],"product_cat":[39],"product_tag":[],"class_list":{"0":"post-2860","1":"product","2":"type-product","3":"status-publish","4":"has-post-thumbnail","6":"product_cat-miraskin","8":"first","9":"outofstock","10":"sale","11":"shipping-taxable","12":"purchasable","13":"product-type-simple"},"acf":[],"yoast_head":"<!-- This site is optimized with the Yoast SEO plugin v26.3 - https:\/\/yoast.com\/wordpress\/plugins\/seo\/ -->\n<title>Mira-Skin Ultraschall Starter-Kit + Serum 15ml als BONUS - Mira-Skin DE<\/title>\n<meta name=\"robots\" content=\"index, follow, max-snippet:-1, max-image-preview:large, max-video-preview:-1\" \/>\n<link rel=\"canonical\" href=\"https:\/\/mira-skin.com\/de\/mira\/mira-skin-ultraschall-starter-kit-serum-15ml-evelyn\/\" \/>\n<meta property=\"og:locale\" content=\"de_DE\" \/>\n<meta property=\"og:type\" content=\"article\" \/>\n<meta property=\"og:title\" content=\"Mira-Skin Ultraschall Starter-Kit + Serum 15ml als BONUS - Mira-Skin DE\" \/>\n<meta property=\"og:description\" content=\"Die Komplettl\u00f6sung, um Wirkstoffe tief in die Haut einzuschleusen.   Das Starter-Kit enth\u00e4lt:  \u2714\ufe0e das Mira-Skin Ultraschall-Ger\u00e4t,  \u2714\ufe0e das Mira-Skin Ultraschall-Gel (50ml)  \u2714\ufe0e 2x Mira-Skin Hyaluron-Serum (15ml) (1x als Bonus)  \u2714\ufe0e zwei Mira-Skin Bio-Cellulose Masken.  Das Ultraschall-Ger\u00e4t kann f\u00fcr verschiedenste Anwendungsbereiche am K\u00f6rper eingesetzt werden.\" \/>\n<meta property=\"og:url\" content=\"https:\/\/mira-skin.com\/de\/mira\/mira-skin-ultraschall-starter-kit-serum-15ml-evelyn\/\" \/>\n<meta property=\"og:site_name\" content=\"Mira-Skin DE\" \/>\n<meta property=\"article:publisher\" content=\"https:\/\/www.facebook.com\/mirapet.international\/\" \/>\n<meta property=\"article:modified_time\" content=\"2025-05-07T09:44:34+00:00\" \/>\n<meta property=\"og:image\" content=\"https:\/\/mira-skin.com\/de\/wp-content\/uploads\/sites\/15\/2021\/01\/Mira-Skin_starter-kit_15ml_Serum_gratis.jpg\" \/>\n\t<meta property=\"og:image:width\" content=\"1200\" \/>\n\t<meta property=\"og:image:height\" content=\"1200\" \/>\n\t<meta property=\"og:image:type\" content=\"image\/jpeg\" \/>\n<meta name=\"twitter:card\" content=\"summary_large_image\" \/>\n<meta name=\"twitter:label1\" content=\"Gesch\u00e4tzte Lesezeit\" \/>\n\t<meta name=\"twitter:data1\" content=\"1\u00a0Minute\" \/>\n<script type=\"application\/ld+json\" class=\"yoast-schema-graph\">{\"@context\":\"https:\/\/schema.org\",\"@graph\":[{\"@type\":\"WebPage\",\"@id\":\"https:\/\/mira-skin.com\/de\/mira\/mira-skin-ultraschall-starter-kit-serum-15ml-evelyn\/\",\"url\":\"https:\/\/mira-skin.com\/de\/mira\/mira-skin-ultraschall-starter-kit-serum-15ml-evelyn\/\",\"name\":\"Mira-Skin Ultraschall Starter-Kit + Serum 15ml als BONUS - Mira-Skin DE\",\"isPartOf\":{\"@id\":\"https:\/\/mira-skin.com\/de\/#website\"},\"primaryImageOfPage\":{\"@id\":\"https:\/\/mira-skin.com\/de\/mira\/mira-skin-ultraschall-starter-kit-serum-15ml-evelyn\/#primaryimage\"},\"image\":{\"@id\":\"https:\/\/mira-skin.com\/de\/mira\/mira-skin-ultraschall-starter-kit-serum-15ml-evelyn\/#primaryimage\"},\"thumbnailUrl\":\"https:\/\/mira-skin.com\/de\/wp-content\/uploads\/sites\/15\/2021\/01\/Mira-Skin_starter-kit_15ml_Serum_gratis.jpg\",\"datePublished\":\"2021-01-28T08:17:27+00:00\",\"dateModified\":\"2025-05-07T09:44:34+00:00\",\"breadcrumb\":{\"@id\":\"https:\/\/mira-skin.com\/de\/mira\/mira-skin-ultraschall-starter-kit-serum-15ml-evelyn\/#breadcrumb\"},\"inLanguage\":\"de\",\"potentialAction\":[{\"@type\":\"ReadAction\",\"target\":[\"https:\/\/mira-skin.com\/de\/mira\/mira-skin-ultraschall-starter-kit-serum-15ml-evelyn\/\"]}]},{\"@type\":\"ImageObject\",\"inLanguage\":\"de\",\"@id\":\"https:\/\/mira-skin.com\/de\/mira\/mira-skin-ultraschall-starter-kit-serum-15ml-evelyn\/#primaryimage\",\"url\":\"https:\/\/mira-skin.com\/de\/wp-content\/uploads\/sites\/15\/2021\/01\/Mira-Skin_starter-kit_15ml_Serum_gratis.jpg\",\"contentUrl\":\"https:\/\/mira-skin.com\/de\/wp-content\/uploads\/sites\/15\/2021\/01\/Mira-Skin_starter-kit_15ml_Serum_gratis.jpg\",\"width\":1200,\"height\":1200},{\"@type\":\"BreadcrumbList\",\"@id\":\"https:\/\/mira-skin.com\/de\/mira\/mira-skin-ultraschall-starter-kit-serum-15ml-evelyn\/#breadcrumb\",\"itemListElement\":[{\"@type\":\"ListItem\",\"position\":1,\"name\":\"Shop\",\"item\":\"https:\/\/mira-skin.com\/de\/shop\/\"},{\"@type\":\"ListItem\",\"position\":2,\"name\":\"Mira-Skin Ultraschall Starter-Kit + Serum 15ml als BONUS\"}]},{\"@type\":\"WebSite\",\"@id\":\"https:\/\/mira-skin.com\/de\/#website\",\"url\":\"https:\/\/mira-skin.com\/de\/\",\"name\":\"Mira-Skin DE\",\"description\":\"\",\"potentialAction\":[{\"@type\":\"SearchAction\",\"target\":{\"@type\":\"EntryPoint\",\"urlTemplate\":\"https:\/\/mira-skin.com\/de\/?s={search_term_string}\"},\"query-input\":{\"@type\":\"PropertyValueSpecification\",\"valueRequired\":true,\"valueName\":\"search_term_string\"}}],\"inLanguage\":\"de\"}]}<\/script>\n<!-- \/ Yoast SEO plugin. -->","yoast_head_json":{"title":"Mira-Skin Ultraschall Starter-Kit + Serum 15ml als BONUS - Mira-Skin DE","robots":{"index":"index","follow":"follow","max-snippet":"max-snippet:-1","max-image-preview":"max-image-preview:large","max-video-preview":"max-video-preview:-1"},"canonical":"https:\/\/mira-skin.com\/de\/mira\/mira-skin-ultraschall-starter-kit-serum-15ml-evelyn\/","og_locale":"de_DE","og_type":"article","og_title":"Mira-Skin Ultraschall Starter-Kit + Serum 15ml als BONUS - Mira-Skin DE","og_description":"Die Komplettl\u00f6sung, um Wirkstoffe tief in die Haut einzuschleusen.   Das Starter-Kit enth\u00e4lt:  \u2714\ufe0e das Mira-Skin Ultraschall-Ger\u00e4t,  \u2714\ufe0e das Mira-Skin Ultraschall-Gel (50ml)  \u2714\ufe0e 2x Mira-Skin Hyaluron-Serum (15ml) (1x als Bonus)  \u2714\ufe0e zwei Mira-Skin Bio-Cellulose Masken.  Das Ultraschall-Ger\u00e4t kann f\u00fcr verschiedenste Anwendungsbereiche am K\u00f6rper eingesetzt werden.","og_url":"https:\/\/mira-skin.com\/de\/mira\/mira-skin-ultraschall-starter-kit-serum-15ml-evelyn\/","og_site_name":"Mira-Skin DE","article_publisher":"https:\/\/www.facebook.com\/mirapet.international\/","article_modified_time":"2025-05-07T09:44:34+00:00","og_image":[{"width":1200,"height":1200,"url":"https:\/\/mira-skin.com\/de\/wp-content\/uploads\/sites\/15\/2021\/01\/Mira-Skin_starter-kit_15ml_Serum_gratis.jpg","type":"image\/jpeg"}],"twitter_card":"summary_large_image","twitter_misc":{"Gesch\u00e4tzte Lesezeit":"1\u00a0Minute"},"schema":{"@context":"https:\/\/schema.org","@graph":[{"@type":"WebPage","@id":"https:\/\/mira-skin.com\/de\/mira\/mira-skin-ultraschall-starter-kit-serum-15ml-evelyn\/","url":"https:\/\/mira-skin.com\/de\/mira\/mira-skin-ultraschall-starter-kit-serum-15ml-evelyn\/","name":"Mira-Skin Ultraschall Starter-Kit + Serum 15ml als BONUS - Mira-Skin DE","isPartOf":{"@id":"https:\/\/mira-skin.com\/de\/#website"},"primaryImageOfPage":{"@id":"https:\/\/mira-skin.com\/de\/mira\/mira-skin-ultraschall-starter-kit-serum-15ml-evelyn\/#primaryimage"},"image":{"@id":"https:\/\/mira-skin.com\/de\/mira\/mira-skin-ultraschall-starter-kit-serum-15ml-evelyn\/#primaryimage"},"thumbnailUrl":"https:\/\/mira-skin.com\/de\/wp-content\/uploads\/sites\/15\/2021\/01\/Mira-Skin_starter-kit_15ml_Serum_gratis.jpg","datePublished":"2021-01-28T08:17:27+00:00","dateModified":"2025-05-07T09:44:34+00:00","breadcrumb":{"@id":"https:\/\/mira-skin.com\/de\/mira\/mira-skin-ultraschall-starter-kit-serum-15ml-evelyn\/#breadcrumb"},"inLanguage":"de","potentialAction":[{"@type":"ReadAction","target":["https:\/\/mira-skin.com\/de\/mira\/mira-skin-ultraschall-starter-kit-serum-15ml-evelyn\/"]}]},{"@type":"ImageObject","inLanguage":"de","@id":"https:\/\/mira-skin.com\/de\/mira\/mira-skin-ultraschall-starter-kit-serum-15ml-evelyn\/#primaryimage","url":"https:\/\/mira-skin.com\/de\/wp-content\/uploads\/sites\/15\/2021\/01\/Mira-Skin_starter-kit_15ml_Serum_gratis.jpg","contentUrl":"https:\/\/mira-skin.com\/de\/wp-content\/uploads\/sites\/15\/2021\/01\/Mira-Skin_starter-kit_15ml_Serum_gratis.jpg","width":1200,"height":1200},{"@type":"BreadcrumbList","@id":"https:\/\/mira-skin.com\/de\/mira\/mira-skin-ultraschall-starter-kit-serum-15ml-evelyn\/#breadcrumb","itemListElement":[{"@type":"ListItem","position":1,"name":"Shop","item":"https:\/\/mira-skin.com\/de\/shop\/"},{"@type":"ListItem","position":2,"name":"Mira-Skin Ultraschall Starter-Kit + Serum 15ml als BONUS"}]},{"@type":"WebSite","@id":"https:\/\/mira-skin.com\/de\/#website","url":"https:\/\/mira-skin.com\/de\/","name":"Mira-Skin DE","description":"","potentialAction":[{"@type":"SearchAction","target":{"@type":"EntryPoint","urlTemplate":"https:\/\/mira-skin.com\/de\/?s={search_term_string}"},"query-input":{"@type":"PropertyValueSpecification","valueRequired":true,"valueName":"search_term_string"}}],"inLanguage":"de"}]}},"_links":{"self":[{"href":"https:\/\/mira-skin.com\/de\/wp-json\/wp\/v2\/product\/2860","targetHints":{"allow":["GET"]}}],"collection":[{"href":"https:\/\/mira-skin.com\/de\/wp-json\/wp\/v2\/product"}],"about":[{"href":"https:\/\/mira-skin.com\/de\/wp-json\/wp\/v2\/types\/product"}],"wp:featuredmedia":[{"embeddable":true,"href":"https:\/\/mira-skin.com\/de\/wp-json\/wp\/v2\/media\/2862"}],"wp:attachment":[{"href":"https:\/\/mira-skin.com\/de\/wp-json\/wp\/v2\/media?parent=2860"}],"wp:term":[{"taxonomy":"product_brand","embeddable":true,"href":"https:\/\/mira-skin.com\/de\/wp-json\/wp\/v2\/product_brand?post=2860"},{"taxonomy":"product_cat","embeddable":true,"href":"https:\/\/mira-skin.com\/de\/wp-json\/wp\/v2\/product_cat?post=2860"},{"taxonomy":"product_tag","embeddable":true,"href":"https:\/\/mira-skin.com\/de\/wp-json\/wp\/v2\/product_tag?post=2860"}],"curies":[{"name":"wp","href":"https:\/\/api.w.org\/{rel}","templated":true}]}}